{"id":327,"date":"2023-03-15T14:27:20","date_gmt":"2023-03-15T14:27:20","guid":{"rendered":"https:\/\/taxlightec.com\/?page_id=327"},"modified":"2023-03-22T23:36:31","modified_gmt":"2023-03-22T23:36:31","slug":"nuestros-servicios","status":"publish","type":"page","link":"https:\/\/taxlightec.com\/index.php\/nuestros-servicios\/","title":{"rendered":"Nuestros Servicios"},"content":{"rendered":"<style>\/*! elementor - v3.11.5 - 14-03-2023 *\/\n.elementor-widget-image-carousel .swiper,.elementor-widget-image-carousel .swiper-container{position:static}.elementor-widget-image-carousel .swiper-container .swiper-slide figure,.elementor-widget-image-carousel .swiper .swiper-slide figure{line-height:inherit}.elementor-widget-image-carousel .swiper-slide{text-align:center}.elementor-image-carousel-wrapper:not(.swiper-container-initialized) .swiper-slide,.elementor-image-carousel-wrapper:not(.swiper-initialized) .swiper-slide{max-width:calc(100% \/ var(--e-image-carousel-slides-to-show, 3))}<\/style>\n<figure><img decoding=\"async\" src=\"http:\/\/taxlightec.com\/wp-content\/uploads\/2023\/03\/NV27-NIA.jpg\" alt=\"NV27 NIA\" \/><\/figure>\n<style>\/*! elementor - v3.11.5 - 14-03-2023 *\/\n.elementor-heading-title{padding:0;margin:0;line-height:1}.elementor-widget-heading .elementor-heading-title[class*=elementor-size-]>a{color:inherit;font-size:inherit;line-height:inherit}.elementor-widget-heading .elementor-heading-title.elementor-size-small{font-size:15px}.elementor-widget-heading .elementor-heading-title.elementor-size-medium{font-size:19px}.elementor-widget-heading .elementor-heading-title.elementor-size-large{font-size:29px}.elementor-widget-heading .elementor-heading-title.elementor-size-xl{font-size:39px}.elementor-widget-heading .elementor-heading-title.elementor-size-xxl{font-size:59px}<\/style>\n<h2>Auditor\u00eda Externa<\/h2>\n<p>Nuestra auditor\u00eda externa tiene como objetivo brindar tranquilidad y recomendaciones de mejora a su empresa; vamos m\u00e1s all\u00e1 del cumplimiento de obligaciones con entes de control.<\/p>\n<link rel=\"stylesheet\" href=\"https:\/\/taxlightec.com\/wp-content\/plugins\/elementor\/assets\/css\/widget-icon-list.min.css\">\n<ul>\n<li>\n\t\t\t\t\t\t\t\t\t\tOpini\u00f3n sobre la razonabilidad de estados financieros\n\t\t\t\t\t\t\t\t\t<\/li>\n<li>\n\t\t\t\t\t\t\t\t\t\tEvaluaci\u00f3n del control interno de la empresa.\n\t\t\t\t\t\t\t\t\t<\/li>\n<li>\n\t\t\t\t\t\t\t\t\t\tSeguimiento a recomendaciones\n\t\t\t\t\t\t\t\t\t<\/li>\n<li>\n\t\t\t\t\t\t\t\t\t\tInforme de cumplimiento UAFE.\n\t\t\t\t\t\t\t\t\t<\/li>\n<li>\n\t\t\t\t\t\t\t\t\t\tInforme de cumplimiento tributario.\n\t\t\t\t\t\t\t\t\t<\/li>\n<\/ul>\n<p>\t\t\t<a href=\"https:\/\/api.whatsapp.com\/send?phone=593999724911&#038;text=Hola,+vi+los+servicios+que+ofrecen+en+Instagram&#038;utm_source=Taxlight\" role=\"button\"><br \/>\n\t\t\t\t\t\tCont\u00e1ctanos<br \/>\n\t\t\t\t\t<\/a><\/p>\n<h2>Auditor\u00eda Interna<\/h2>\n<p>Nuestra auditor\u00eda interna se enfoca en las necesidades del negocio con el fin de administrar los riesgos empresariales y las operaciones, as\u00ed como identificar oportunidades de mejora.<\/p>\n<ul>\n<li>\n\t\t\t\t\t\t\t\t\t\tAn\u00e1lisis interno de estados financieros.\n\t\t\t\t\t\t\t\t\t<\/li>\n<li>\n\t\t\t\t\t\t\t\t\t\tEvaluaci\u00f3n del control interno de la empresa.\n\t\t\t\t\t\t\t\t\t<\/li>\n<li>\n\t\t\t\t\t\t\t\t\t\tSeguimiento a recomendaciones de auditor\u00edas externas.\n\t\t\t\t\t\t\t\t\t<\/li>\n<li>\n\t\t\t\t\t\t\t\t\t\tInforme de evaluaci\u00f3n de cumplimiento de obligaciones con entes de control\n\t\t\t\t\t\t\t\t\t<\/li>\n<li>\n\t\t\t\t\t\t\t\t\t\tPropuestas de mejora en procesos internos\n\t\t\t\t\t\t\t\t\t<\/li>\n<\/ul>\n<p>\t\t\t<a href=\"https:\/\/api.whatsapp.com\/send?phone=593999724911&#038;text=Hola,+vi+los+servicios+que+ofrecen+en+Instagram&#038;utm_source=Taxlight\" role=\"button\"><br \/>\n\t\t\t\t\t\tCont\u00e1ctanos<br \/>\n\t\t\t\t\t<\/a><\/p>\n<figure><img decoding=\"async\" src=\"http:\/\/taxlightec.com\/wp-content\/uploads\/2023\/03\/Auditoria-interna.jpg\" alt=\"Auditor\u00eda-interna\" \/><\/figure>\n<figure><img decoding=\"async\" src=\"http:\/\/taxlightec.com\/wp-content\/uploads\/2023\/03\/1-Consultoria-Outsourcing-Contable-1200x675-1.jpg\" alt=\"1-Consultor\u00eda-Outsourcing-Contable-1200x675\" \/><\/figure>\n<h2>Outsourcing Contable<\/h2>\n<p>Nuestro servicio de outsourcing tiene un enfoque integral, permitiendo a los directivos de la empresa utilizar la informaci\u00f3n contable como una herramienta para la toma de decisiones.<\/p>\n<ul>\n<li>\n\t\t\t\t\t\t\t\t\t\tEmisi\u00f3n de estados financieros mensuales\n\t\t\t\t\t\t\t\t\t<\/li>\n<li>\n\t\t\t\t\t\t\t\t\t\tInforme sobre principales cambios e indicadores financieros\n\t\t\t\t\t\t\t\t\t<\/li>\n<li>\n\t\t\t\t\t\t\t\t\t\tConciliaci\u00f3n de datos contables y financieros\n\t\t\t\t\t\t\t\t\t<\/li>\n<li>\n\t\t\t\t\t\t\t\t\t\tCumplimiento de obligaciones con entes de control\n\t\t\t\t\t\t\t\t\t<\/li>\n<li>\n\t\t\t\t\t\t\t\t\t\tPlanificaci\u00f3n tributaria anual\n\t\t\t\t\t\t\t\t\t<\/li>\n<li>\n\t\t\t\t\t\t\t\t\t\tGesti\u00f3n de n\u00f3mina mensual\n\t\t\t\t\t\t\t\t\t<\/li>\n<\/ul>\n<p>\t\t\t<a href=\"https:\/\/api.whatsapp.com\/send?phone=593999724911&#038;text=Hola,+vi+los+servicios+que+ofrecen+en+Instagram&#038;utm_source=Taxlight\" role=\"button\"><br \/>\n\t\t\t\t\t\tCont\u00e1ctanos<br \/>\n\t\t\t\t\t<\/a><\/p>\n<h2>Asesor\u00eda Tributaria<\/h2>\n<p>Nuestro servicio de asesor\u00eda tributaria se destaca por el cumplimiento oportuno y eficiente de obligaciones tributarias, brindamos asesor\u00eda para una correcta planificaci\u00f3n tributaria a nuestros clientes.<\/p>\n<ul>\n<li>\n\t\t\t\t\t\t\t\t\t\tAuditor\u00eda Tributaria.\n\t\t\t\t\t\t\t\t\t<\/li>\n<li>\n\t\t\t\t\t\t\t\t\t\tConciliaci\u00f3n contable &#8211; tributaria.\n\t\t\t\t\t\t\t\t\t<\/li>\n<li>\n\t\t\t\t\t\t\t\t\t\tElaboraci\u00f3n Declaraciones y anexos al Servicio de Rentas Internas\n\t\t\t\t\t\t\t\t\t<\/li>\n<li>\n\t\t\t\t\t\t\t\t\t\tElaboraci\u00f3n de declaraciones patrimoniales.\n\t\t\t\t\t\t\t\t\t<\/li>\n<li>\n\t\t\t\t\t\t\t\t\t\tServicios de devoluci\u00f3n de impuestos\n\t\t\t\t\t\t\t\t\t<\/li>\n<li>\n\t\t\t\t\t\t\t\t\t\tAn\u00e1lisis e impugnaci\u00f3n de glosas fiscales.\n\t\t\t\t\t\t\t\t\t<\/li>\n<\/ul>\n<p>\t\t\t<a href=\"https:\/\/api.whatsapp.com\/send?phone=593999724911&#038;text=Hola,+vi+los+servicios+que+ofrecen+en+Instagram&#038;utm_source=Taxlight\" role=\"button\"><br \/>\n\t\t\t\t\t\tCont\u00e1ctanos<br \/>\n\t\t\t\t\t<\/a><\/p>\n<figure><img decoding=\"async\" src=\"http:\/\/taxlightec.com\/wp-content\/uploads\/2023\/03\/rawpixel-799380-unsplash-1.jpg\" alt=\"rawpixel-799380-unsplash\" \/><\/figure>\n<figure><img decoding=\"async\" src=\"http:\/\/taxlightec.com\/wp-content\/uploads\/2023\/03\/thank-you-for-considering-me-a-possible-candidate-picture-id1263781480.jpg\" alt=\"thank-you-for-considering-me-a-possible-candidate-picture-id1263781480\" \/><\/figure>\n<h2>Gesti\u00f3n de Talento Humano<\/h2>\n<p>Nuestro servicio busca mejorar la gesti\u00f3n de talento humano de nuestros clientes, a trav\u00e9s de la implementaci\u00f3n de manuales, reglamentos y capacitaciones encaminados a mejorar el ambiente laboral y buscar la eficiencia en el cumplimiento de funciones.<\/p>\n<ul>\n<li>\n\t\t\t\t\t\t\t\t\t\tElaboraci\u00f3n de Reglamento Interno de Trabajo.\n\t\t\t\t\t\t\t\t\t<\/li>\n<li>\n\t\t\t\t\t\t\t\t\t\tAsesor\u00eda en el proceso de selecci\u00f3n de personal.\n\t\t\t\t\t\t\t\t\t<\/li>\n<li>\n\t\t\t\t\t\t\t\t\t\tElaboraci\u00f3n de contratos colectivos de trabajo.\n\t\t\t\t\t\t\t\t\t<\/li>\n<li>\n\t\t\t\t\t\t\t\t\t\tElaboraci\u00f3n de Manual de Funciones.\n\t\t\t\t\t\t\t\t\t<\/li>\n<li>\n\t\t\t\t\t\t\t\t\t\tGesti\u00f3n de ambiente laboral.\n\t\t\t\t\t\t\t\t\t<\/li>\n<li>\n\t\t\t\t\t\t\t\t\t\tGesti\u00f3n integral de n\u00f3mina\n\t\t\t\t\t\t\t\t\t<\/li>\n<\/ul>\n<p>\t\t\t<a href=\"https:\/\/api.whatsapp.com\/send?phone=593999724911&#038;text=Hola,+vi+los+servicios+que+ofrecen+en+Instagram&#038;utm_source=Taxlight\" role=\"button\"><br \/>\n\t\t\t\t\t\tCont\u00e1ctanos<br \/>\n\t\t\t\t\t<\/a><\/p>\n<h2>Asesor\u00eda Legal<\/h2>\n<p>Nuestro servicio de asesor\u00eda legal engloba el \u00e1rea tributaria, laboral y societaria. Contamos con profesionales con amplia experiencia que permiten las mejores soluciones para cada negocio.<\/p>\n<ul>\n<li>\n\t\t\t\t\t\t\t\t\t\tConstitucion de empresas\n\t\t\t\t\t\t\t\t\t<\/li>\n<li>\n\t\t\t\t\t\t\t\t\t\tDerecho Laboral\n\t\t\t\t\t\t\t\t\t<\/li>\n<li>\n\t\t\t\t\t\t\t\t\t\tDerecho Societario\n\t\t\t\t\t\t\t\t\t<\/li>\n<li>\n\t\t\t\t\t\t\t\t\t\tRegistro de Marcas y Patentes\n\t\t\t\t\t\t\t\t\t<\/li>\n<li>\n\t\t\t\t\t\t\t\t\t\tSeguros\n\t\t\t\t\t\t\t\t\t<\/li>\n<li>\n\t\t\t\t\t\t\t\t\t\tRecuperaci\u00f3n de Cartera\n\t\t\t\t\t\t\t\t\t<\/li>\n<li>\n\t\t\t\t\t\t\t\t\t\tPatrocinio de causas judiciales\n\t\t\t\t\t\t\t\t\t<\/li>\n<\/ul>\n<p>\t\t\t<a href=\"https:\/\/api.whatsapp.com\/send?phone=593999724911&#038;text=Hola,+vi+los+servicios+que+ofrecen+en+Instagram&#038;utm_source=Taxlight\" role=\"button\"><br \/>\n\t\t\t\t\t\tCont\u00e1ctanos<br \/>\n\t\t\t\t\t<\/a><\/p>\n<figure><img decoding=\"async\" src=\"http:\/\/taxlightec.com\/wp-content\/uploads\/2023\/03\/unnamed.jpg\" alt=\"unnamed\" \/><\/figure>\n<figure><img decoding=\"async\" src=\"http:\/\/taxlightec.com\/wp-content\/uploads\/2023\/03\/Metodos-del-lavado-de-activos-dinero.webp\" alt=\"Metodos-del-lavado-de-activos-dinero\" \/><\/figure>\n<h2>UAFE<\/h2>\n<p>Nuestro servicio de cumplimiento con la Unidad de An\u00e1lisis Financiero y Econ\u00f3mico, permite que las empresas obligadas, cumplan de manera correcta con las obligaciones impuestas por la normativa pertinente.<\/p>\n<ul>\n<li>\n\t\t\t\t\t\t\t\t\t\tObtenci\u00f3n de c\u00f3digo de registro de la empresa.\n\t\t\t\t\t\t\t\t\t<\/li>\n<li>\n\t\t\t\t\t\t\t\t\t\tRegistro y calificaci\u00f3n del Oficial de Cumplimiento.\n\t\t\t\t\t\t\t\t\t<\/li>\n<li>\n\t\t\t\t\t\t\t\t\t\tElaboraci\u00f3n de los Manuales de Pol\u00edticas y Procedimientos para Control y Prevenci\u00f3n del Lavado de Activos y Financiamiento del Terrorismo.\n\t\t\t\t\t\t\t\t\t<\/li>\n<li>\n\t\t\t\t\t\t\t\t\t\tInforme sobre principales cambios e indicadores financieros\n\t\t\t\t\t\t\t\t\t<\/li>\n<li>\n\t\t\t\t\t\t\t\t\t\tCapacitaciones continuas para el correcto env\u00edo de reportes mensuales.\n\t\t\t\t\t\t\t\t\t<\/li>\n<li>\n\t\t\t\t\t\t\t\t\t\tServicio mensual de Oficial de Cumplimiento.\n\t\t\t\t\t\t\t\t\t<\/li>\n<\/ul>\n<p>\t\t\t<a href=\"https:\/\/api.whatsapp.com\/send?phone=593999724911&#038;text=Hola,+vi+los+servicios+que+ofrecen+en+Instagram&#038;utm_source=Taxlight\" role=\"button\"><br \/>\n\t\t\t\t\t\tCont\u00e1ctanos<br \/>\n\t\t\t\t\t<\/a><\/p>\n<h2>Seguridad y Salud Ocupacional<\/h2>\n<p>Nuestro servicio de gesti\u00f3n de seguridad y salud ocupacional, mas que un cumplimiento de obligaciones, tiene como objetivo la mejora continua de la empresa, buscando soluciones eficientes y efectivas que permitan la optima utilizaci\u00f3n de recursos.<\/p>\n<ul>\n<li>\n\t\t\t\t\t\t\t\t\t\tImplementaci\u00f3n y Registro del prevenci\u00f3n de riesgos laborales\n\t\t\t\t\t\t\t\t\t<\/li>\n<li>\n\t\t\t\t\t\t\t\t\t\tImplementaci\u00f3n y Registro del programa de consumo de alcohol y drogas en el \u00e1mbito laboral\n\t\t\t\t\t\t\t\t\t<\/li>\n<li>\n\t\t\t\t\t\t\t\t\t\tProtocolo de prevenci\u00f3n y atenci\u00f3n de toda forma de violencia contra la mujer.\n\t\t\t\t\t\t\t\t\t<\/li>\n<li>\n\t\t\t\t\t\t\t\t\t\tMedici\u00f3n y Evaluaci\u00f3n de Riesgos Laborales.\n\t\t\t\t\t\t\t\t\t<\/li>\n<li>\n\t\t\t\t\t\t\t\t\t\tReglamento de Higiene y Seguridad en el Trabajo.\n\t\t\t\t\t\t\t\t\t<\/li>\n<li>\n\t\t\t\t\t\t\t\t\t\tVigilancia de la Salud laboral.\n\t\t\t\t\t\t\t\t\t<\/li>\n<li>\n\t\t\t\t\t\t\t\t\t\tFichas m\u00e9dicas peri\u00f3dicas.\n\t\t\t\t\t\t\t\t\t<\/li>\n<li>\n\t\t\t\t\t\t\t\t\t\tEx\u00e1menes M\u00e9dicos e Informes Ocupacionales.\n\t\t\t\t\t\t\t\t\t<\/li>\n<\/ul>\n<p>\t\t\t<a href=\"https:\/\/api.whatsapp.com\/send?phone=593999724911&#038;text=Hola,+vi+los+servicios+que+ofrecen+en+Instagram&#038;utm_source=Taxlight\" role=\"button\"><br \/>\n\t\t\t\t\t\tCont\u00e1ctanos<br \/>\n\t\t\t\t\t<\/a><\/p>\n<figure><img decoding=\"async\" src=\"http:\/\/taxlightec.com\/wp-content\/uploads\/2023\/03\/asesoria-tributaria.jpg\" alt=\"asesoria-tributaria\" \/><\/figure>\n<figure><img decoding=\"async\" src=\"http:\/\/taxlightec.com\/wp-content\/uploads\/2023\/03\/Asesoria-Consultoria.jpg\" alt=\"Business team working on a new business plan with modern digital computer\" \/><\/figure>\n<h2>Consultor\u00eda<\/h2>\n<p>Nuestro objetivo es generar confianza en nuestros clientes con base a los resultados presentados; nuestro grupo de profesionales se encuentra en la capacidad de realizar consultor\u00edas especializadas de acuerdo a las necesidades particulares de cada empresa.<\/p>\n<ul>\n<li>\n\t\t\t\t\t\t\t\t\t\tImplemantaci\u00f3n de NIIF\n\t\t\t\t\t\t\t\t\t<\/li>\n<li>\n\t\t\t\t\t\t\t\t\t\tAnalisis y gesti\u00f3n de procesos\n\t\t\t\t\t\t\t\t\t<\/li>\n<li>\n\t\t\t\t\t\t\t\t\t\tDesarrollo de negocios\n\t\t\t\t\t\t\t\t\t<\/li>\n<li>\n\t\t\t\t\t\t\t\t\t\tAn\u00e1lisis financiero y econ\u00f3mico\n\t\t\t\t\t\t\t\t\t<\/li>\n<li>\n\t\t\t\t\t\t\t\t\t\tReestructuraci\u00f3n contable\n\t\t\t\t\t\t\t\t\t<\/li>\n<li>\n\t\t\t\t\t\t\t\t\t\tElaboraci\u00f3n de reglamentos y manuales internos\n\t\t\t\t\t\t\t\t\t<\/li>\n<\/ul>\n<p>\t\t\t<a href=\"https:\/\/api.whatsapp.com\/send?phone=593999724911&#038;text=Hola,+vi+los+servicios+que+ofrecen+en+Instagram&#038;utm_source=Taxlight\" role=\"button\"><br \/>\n\t\t\t\t\t\tCont\u00e1ctanos<br \/>\n\t\t\t\t\t<\/a><\/p>\n<style>\/*! elementor - v3.11.5 - 14-03-2023 *\/\n.elementor-column .elementor-spacer-inner{height:var(--spacer-size)}.e-con{--container-widget-width:100%}.e-con-inner>.elementor-widget-spacer,.e-con>.elementor-widget-spacer{width:var(--container-widget-width,var(--spacer-size));--align-self:var(--container-widget-align-self,initial);--flex-shrink:0}.e-con-inner>.elementor-widget-spacer>.elementor-widget-container,.e-con-inner>.elementor-widget-spacer>.elementor-widget-container>.elementor-spacer,.e-con>.elementor-widget-spacer>.elementor-widget-container,.e-con>.elementor-widget-spacer>.elementor-widget-container>.elementor-spacer{height:100%}.e-con-inner>.elementor-widget-spacer>.elementor-widget-container>.elementor-spacer>.elementor-spacer-inner,.e-con>.elementor-widget-spacer>.elementor-widget-container>.elementor-spacer>.elementor-spacer-inner{height:var(--container-widget-height,var(--spacer-size))}<\/style>\n","protected":false},"excerpt":{"rendered":"<p>Auditor\u00eda Externa Nuestra auditor\u00eda externa tiene como objetivo brindar tranquilidad y recomendaciones de mejora a su empresa; vamos m\u00e1s all\u00e1 del cumplimiento de obligaciones con entes de control. Opini\u00f3n sobre la razonabilidad de estados financieros Evaluaci\u00f3n del control interno de la empresa. Seguimiento a recomendaciones Informe de cumplimiento UAFE. Informe de cumplimiento tributario. Cont\u00e1ctanos Auditor\u00eda &hellip;<\/p>\n<p class=\"read-more\"> <a class=\"\" href=\"https:\/\/taxlightec.com\/index.php\/nuestros-servicios\/\"> <span class=\"screen-reader-text\">Nuestros Servicios<\/span> Leer m\u00e1s &raquo;<\/a><\/p>\n","protected":false},"author":1,"featured_media":0,"parent":0,"menu_order":0,"comment_status":"closed","ping_status":"closed","template":"","meta":{"site-sidebar-layout":"no-sidebar","site-content-layout":"page-builder","ast-site-content-layout":"","site-content-style":"default","site-sidebar-style":"default","ast-global-header-display":"","ast-banner-title-visibility":"","ast-main-header-display":"","ast-hfb-above-header-display":"","ast-hfb-below-header-display":"","ast-hfb-mobile-header-display":"","site-post-title":"disabled","ast-breadcrumbs-content":"","ast-featured-img":"disabled","footer-sml-layout":"","theme-transparent-header-meta":"","adv-header-id-meta":"","stick-header-meta":"","header-above-stick-meta":"","header-main-stick-meta":"","header-below-stick-meta":"","astra-migrate-meta-layouts":"","ast-page-background-enabled":"default","ast-page-background-meta":{"desktop":{"background-color":"var(--ast-global-color-4)","background-image":"","background-repeat":"repeat","background-position":"center center","background-size":"auto","background-attachment":"scroll","background-type":"","background-media":"","overlay-type":"","overlay-color":"","overlay-gradient":""},"tablet":{"background-color":"","background-image":"","background-repeat":"repeat","background-position":"center center","background-size":"auto","background-attachment":"scroll","background-type":"","background-media":"","overlay-type":"","overlay-color":"","overlay-gradient":""},"mobile":{"background-color":"","background-image":"","background-repeat":"repeat","background-position":"center center","background-size":"auto","background-attachment":"scroll","background-type":"","background-media":"","overlay-type":"","overlay-color":"","overlay-gradient":""}},"ast-content-background-meta":{"desktop":{"background-color":"var(--ast-global-color-5)","background-image":"","background-repeat":"repeat","background-position":"center center","background-size":"auto","background-attachment":"scroll","background-type":"","background-media":"","overlay-type":"","overlay-color":"","overlay-gradient":""},"tablet":{"background-color":"var(--ast-global-color-5)","background-image":"","background-repeat":"repeat","background-position":"center center","background-size":"auto","background-attachment":"scroll","background-type":"","background-media":"","overlay-type":"","overlay-color":"","overlay-gradient":""},"mobile":{"background-color":"var(--ast-global-color-5)","background-image":"","background-repeat":"repeat","background-position":"center center","background-size":"auto","background-attachment":"scroll","background-type":"","background-media":"","overlay-type":"","overlay-color":"","overlay-gradient":""}},"footnotes":""},"_links":{"self":[{"href":"https:\/\/taxlightec.com\/index.php\/wp-json\/wp\/v2\/pages\/327"}],"collection":[{"href":"https:\/\/taxlightec.com\/index.php\/wp-json\/wp\/v2\/pages"}],"about":[{"href":"https:\/\/taxlightec.com\/index.php\/wp-json\/wp\/v2\/types\/page"}],"author":[{"embeddable":true,"href":"https:\/\/taxlightec.com\/index.php\/wp-json\/wp\/v2\/users\/1"}],"replies":[{"embeddable":true,"href":"https:\/\/taxlightec.com\/index.php\/wp-json\/wp\/v2\/comments?post=327"}],"version-history":[{"count":97,"href":"https:\/\/taxlightec.com\/index.php\/wp-json\/wp\/v2\/pages\/327\/revisions"}],"predecessor-version":[{"id":1215,"href":"https:\/\/taxlightec.com\/index.php\/wp-json\/wp\/v2\/pages\/327\/revisions\/1215"}],"wp:attachment":[{"href":"https:\/\/taxlightec.com\/index.php\/wp-json\/wp\/v2\/media?parent=327"}],"curies":[{"name":"wp","href":"https:\/\/api.w.org\/{rel}","templated":true}]}}