{"id":190,"date":"2022-10-29T19:53:02","date_gmt":"2022-10-29T19:53:02","guid":{"rendered":"https:\/\/prueba.ecuasoluciones3d.com\/?page_id=190"},"modified":"2023-03-23T00:35:19","modified_gmt":"2023-03-23T00:35:19","slug":"trabaja-con-nosotros","status":"publish","type":"page","link":"https:\/\/taxlightec.com\/index.php\/trabaja-con-nosotros\/","title":{"rendered":"Cont\u00e1ctanos"},"content":{"rendered":"<style>\/*! elementor - v3.11.5 - 14-03-2023 *\/\n.elementor-widget-google_maps .elementor-widget-container{overflow:hidden}.elementor-widget-google_maps .elementor-custom-embed{line-height:0}.elementor-widget-google_maps iframe{height:300px}<\/style>\n<p>\t\t\t<iframe loading=\"lazy\"\n\t\t\t\t\tsrc=\"https:\/\/maps.google.com\/maps?q=Miguel%20Cordero%20D%C3%A1vila%20y%20Cornelio%20Merch%C3%A1n%2C%20Torre%20Bicentenario%2C%20Oficina%20503%20010101%20Cuenca%2C%20Ecuador&#038;t=m&#038;z=20&#038;output=embed&#038;iwloc=near\"\n\t\t\t\t\ttitle=\"Miguel Cordero D\u00e1vila y Cornelio Merch\u00e1n, Torre Bicentenario, Oficina 503 010101 Cuenca, Ecuador\"\n\t\t\t\t\taria-label=\"Miguel Cordero D\u00e1vila y Cornelio Merch\u00e1n, Torre Bicentenario, Oficina 503 010101 Cuenca, Ecuador\"\n\t\t\t><\/iframe>\n\t\t\t<link rel=\"stylesheet\" href=\"https:\/\/taxlightec.com\/wp-content\/plugins\/elementor\/assets\/css\/widget-icon-box.min.css\">\n<h3>\n\t\t\t\t\t\tDirecci\u00f3n<br \/>\n\t\t\t\t<\/h3>\n<p>\n\t\t\t\t\t\tMiguel Cordero D\u00e1vila y Cornelio Merch\u00e1n, Torre Bicentenario, Oficina 503 010101 Cuenca, Ecuador\t\t\t\t\t<\/p>\n<h3>\n\t\t\t\t\t\tCorreo electr\u00f3nico<br \/>\n\t\t\t\t<\/h3>\n<p>\n\t\t\t\t\t\tinfo@taxlighec.com\t\t\t\t\t<\/p>\n<h3>\n\t\t\t\t\t\tTel\u00e9fono<br \/>\n\t\t\t\t<\/h3>\n<p>\n\t\t\t\t\t\t+593 099 9724 911\t\t\t\t\t<\/p>\n<style>\/*! elementor - v3.11.5 - 14-03-2023 *\/\n.elementor-column .elementor-spacer-inner{height:var(--spacer-size)}.e-con{--container-widget-width:100%}.e-con-inner>.elementor-widget-spacer,.e-con>.elementor-widget-spacer{width:var(--container-widget-width,var(--spacer-size));--align-self:var(--container-widget-align-self,initial);--flex-shrink:0}.e-con-inner>.elementor-widget-spacer>.elementor-widget-container,.e-con-inner>.elementor-widget-spacer>.elementor-widget-container>.elementor-spacer,.e-con>.elementor-widget-spacer>.elementor-widget-container,.e-con>.elementor-widget-spacer>.elementor-widget-container>.elementor-spacer{height:100%}.e-con-inner>.elementor-widget-spacer>.elementor-widget-container>.elementor-spacer>.elementor-spacer-inner,.e-con>.elementor-widget-spacer>.elementor-widget-container>.elementor-spacer>.elementor-spacer-inner{height:var(--container-widget-height,var(--spacer-size))}<\/style>\n<ul>\n<li>\n\t\t\t\t\t    <a\n\t\t\t\t\t\thref=\"https:\/\/www.facebook.com\/Taxlight.Corp\" aria-label=\"Facebook\" ><br \/>\n                                                                                                            <\/a>\n                    <\/li>\n<li>\n\t\t\t\t\t    <a\n\t\t\t\t\t\thref=\"https:\/\/www.linkedin.com\/uas\/login?session_redirect=https%3A%2F%2Fwww.linkedin.com%2Fcompany%2F93578696%2Fadmin%2F%3FfeedType%3Dfollowing\" aria-label=\"LinkedIn\" ><br \/>\n                                                                                                            <\/a>\n                    <\/li>\n<li>\n\t\t\t\t\t    <a\n\t\t\t\t\t\thref=\"https:\/\/www.instagram.com\/taxlight.corp\/\" aria-label=\"Instagram\" ><br \/>\n                                                                                                            <\/a>\n                    <\/li>\n<li>\n\t\t\t\t\t    <a\n\t\t\t\t\t\thref=\"https:\/\/api.whatsapp.com\/send?phone=593999724911&#038;text=Hola,+vi+los+servicios+que+ofrecen+en+Instagram\" aria-label=\"WhatsApp\" ><br \/>\n                                                                                                            <\/a>\n                    <\/li>\n<li>\n\t\t\t\t\t    <a\n\t\t\t\t\t\thref=\"https:\/\/www.google.com\/maps\/place\/Torre+Bicentenario\/@-2.9085374,-79.0053447,17z\/data=!4m10!1m2!2m1!1sMiguel+Cordero+D%C3%A1vila+y+Cornelio+Merch%C3%A1n,+Torre+Bicentenario,+Oficina+503+010101+Cuenca,+Ecuador!3m6!1s0x91cd1945918e0d0f:0x30d78fc1e82b37ab!8m2!3d-2.9084402!4d-79.0029675!15sCmJNaWd1ZWwgQ29yZGVybyBEw6F2aWxhIHkgQ29ybmVsaW8gTWVyY2jDoW4sIFRvcnJlIEJpY2VudGVuYXJpbywgT2ZpY2luYSA1MDMgMDEwMTAxIEN1ZW5jYSwgRWN1YWRvcpIBEGNvcnBvcmF0ZV9vZmZpY2XgAQA!16s%2Fg%2F11sg3gnyl9?hl=es\" aria-label=\"MAP\" ><br \/>\n                                                                                                            <\/a>\n                    <\/li>\n<\/ul>\n<style>\/*! elementor - v3.11.5 - 14-03-2023 *\/\n.elementor-heading-title{padding:0;margin:0;line-height:1}.elementor-widget-heading .elementor-heading-title[class*=elementor-size-]>a{color:inherit;font-size:inherit;line-height:inherit}.elementor-widget-heading .elementor-heading-title.elementor-size-small{font-size:15px}.elementor-widget-heading .elementor-heading-title.elementor-size-medium{font-size:19px}.elementor-widget-heading .elementor-heading-title.elementor-size-large{font-size:29px}.elementor-widget-heading .elementor-heading-title.elementor-size-xl{font-size:39px}.elementor-widget-heading .elementor-heading-title.elementor-size-xxl{font-size:59px}<\/style>\n<h2>Para todos quienes conformamos el equipo de TaxLight, ser\u00e1 un gusto poder ayudarle y ser parte de su crecimiento<\/h2>\n<style>\/*! elementor - v3.11.5 - 14-03-2023 *\/\n.elementor-widget-image{text-align:center}.elementor-widget-image a{display:inline-block}.elementor-widget-image a img[src$=\".svg\"]{width:48px}.elementor-widget-image img{vertical-align:middle;display:inline-block}<\/style>\n<p>\t\t\t\t\t\t\t\t\t\t\t\t<img decoding=\"async\" width=\"1024\" height=\"576\" src=\"http:\/\/taxlightec.com\/wp-content\/uploads\/2023\/03\/edif-resaltado-1024x576.jpg\" alt=\"\" loading=\"lazy\" srcset=\"https:\/\/taxlightec.com\/wp-content\/uploads\/2023\/03\/edif-resaltado-1024x576.jpg 1024w, https:\/\/taxlightec.com\/wp-content\/uploads\/2023\/03\/edif-resaltado-300x169.jpg 300w, https:\/\/taxlightec.com\/wp-content\/uploads\/2023\/03\/edif-resaltado-768x432.jpg 768w, https:\/\/taxlightec.com\/wp-content\/uploads\/2023\/03\/edif-resaltado-1536x864.jpg 1536w, https:\/\/taxlightec.com\/wp-content\/uploads\/2023\/03\/edif-resaltado-2048x1152.jpg 2048w\" sizes=\"(max-width: 1024px) 100vw, 1024px\" \/><\/p>\n","protected":false},"excerpt":{"rendered":"<p>Direcci\u00f3n Miguel Cordero D\u00e1vila y Cornelio Merch\u00e1n, Torre Bicentenario, Oficina 503 010101 Cuenca, Ecuador Correo electr\u00f3nico info@taxlighec.com Tel\u00e9fono +593 099 9724 911 Para todos quienes conformamos el equipo de TaxLight, ser\u00e1 un gusto poder ayudarle y ser parte de su crecimiento<\/p>\n","protected":false},"author":1,"featured_media":0,"parent":0,"menu_order":0,"comment_status":"closed","ping_status":"closed","template":"","meta":{"site-sidebar-layout":"no-sidebar","site-content-layout":"page-builder","ast-site-content-layout":"","site-content-style":"default","site-sidebar-style":"default","ast-global-header-display":"","ast-banner-title-visibility":"","ast-main-header-display":"","ast-hfb-above-header-display":"","ast-hfb-below-header-display":"","ast-hfb-mobile-header-display":"","site-post-title":"disabled","ast-breadcrumbs-content":"","ast-featured-img":"disabled","footer-sml-layout":"","theme-transparent-header-meta":"","adv-header-id-meta":"","stick-header-meta":"","header-above-stick-meta":"","header-main-stick-meta":"","header-below-stick-meta":"","astra-migrate-meta-layouts":"","ast-page-background-enabled":"default","ast-page-background-meta":{"desktop":{"background-color":"var(--ast-global-color-4)","background-image":"","background-repeat":"repeat","background-position":"center center","background-size":"auto","background-attachment":"scroll","background-type":"","background-media":"","overlay-type":"","overlay-color":"","overlay-gradient":""},"tablet":{"background-color":"","background-image":"","background-repeat":"repeat","background-position":"center center","background-size":"auto","background-attachment":"scroll","background-type":"","background-media":"","overlay-type":"","overlay-color":"","overlay-gradient":""},"mobile":{"background-color":"","background-image":"","background-repeat":"repeat","background-position":"center center","background-size":"auto","background-attachment":"scroll","background-type":"","background-media":"","overlay-type":"","overlay-color":"","overlay-gradient":""}},"ast-content-background-meta":{"desktop":{"background-color":"var(--ast-global-color-5)","background-image":"","background-repeat":"repeat","background-position":"center center","background-size":"auto","background-attachment":"scroll","background-type":"","background-media":"","overlay-type":"","overlay-color":"","overlay-gradient":""},"tablet":{"background-color":"var(--ast-global-color-5)","background-image":"","background-repeat":"repeat","background-position":"center center","background-size":"auto","background-attachment":"scroll","background-type":"","background-media":"","overlay-type":"","overlay-color":"","overlay-gradient":""},"mobile":{"background-color":"var(--ast-global-color-5)","background-image":"","background-repeat":"repeat","background-position":"center center","background-size":"auto","background-attachment":"scroll","background-type":"","background-media":"","overlay-type":"","overlay-color":"","overlay-gradient":""}},"footnotes":""},"_links":{"self":[{"href":"https:\/\/taxlightec.com\/index.php\/wp-json\/wp\/v2\/pages\/190"}],"collection":[{"href":"https:\/\/taxlightec.com\/index.php\/wp-json\/wp\/v2\/pages"}],"about":[{"href":"https:\/\/taxlightec.com\/index.php\/wp-json\/wp\/v2\/types\/page"}],"author":[{"embeddable":true,"href":"https:\/\/taxlightec.com\/index.php\/wp-json\/wp\/v2\/users\/1"}],"replies":[{"embeddable":true,"href":"https:\/\/taxlightec.com\/index.php\/wp-json\/wp\/v2\/comments?post=190"}],"version-history":[{"count":62,"href":"https:\/\/taxlightec.com\/index.php\/wp-json\/wp\/v2\/pages\/190\/revisions"}],"predecessor-version":[{"id":1242,"href":"https:\/\/taxlightec.com\/index.php\/wp-json\/wp\/v2\/pages\/190\/revisions\/1242"}],"wp:attachment":[{"href":"https:\/\/taxlightec.com\/index.php\/wp-json\/wp\/v2\/media?parent=190"}],"curies":[{"name":"wp","href":"https:\/\/api.w.org\/{rel}","templated":true}]}}